{"id":96,"date":"2023-03-31T17:41:01","date_gmt":"2023-03-31T17:41:01","guid":{"rendered":"https:\/\/www.cambioenaccion.es\/?page_id=96"},"modified":"2023-04-03T00:21:58","modified_gmt":"2023-04-03T00:21:58","slug":"barrio-lucas","status":"publish","type":"page","link":"https:\/\/www.cambioenaccion.es\/index.php\/barrio-lucas\/","title":{"rendered":"Barrio Lucas"},"content":{"rendered":"\n<p>-M\u00e1s limpieza e instalaci\u00f3n de papeleras<\/p>\n\n\n\n<p>-Asfaltar la carretera que rodea el centro de salud<\/p>\n\n\n\n<p>-Renovaci\u00f3n y repintado de las se\u00f1ales viales<\/p>\n\n\n\n<p>-Revisi\u00f3n del forjado de la acequia y la reparaci\u00f3n de las portillas de riego<\/p>\n\n\n\n<p>-Reparaci\u00f3n y mantenimiento del parque infantil Ciudad Jard\u00edn<\/p>\n\n\n\n<p>-Arreglo de las aceras rotas y las paredes agrietadas<\/p>\n\n\n\n<p>-Asfaltado nuevamente de los caminos con hoyos<\/p>\n\n\n\n<p>-M\u00e1s continuidad de la limpieza en la ladera de la sierra<\/p>\n\n\n\n<p>-Pintar las se\u00f1alizaciones viales<\/p>\n\n\n\n<p>-Se\u00f1alizaci\u00f3n y condena de los antiguos pozos de agua<\/p>\n","protected":false},"excerpt":{"rendered":"<p>-M\u00e1s limpieza e instalaci\u00f3n de papeleras -Asfaltar la carretera que rodea el centro de salud -Renovaci\u00f3n y repintado de las se\u00f1ales viales -Revisi\u00f3n del forjado de la acequia y la reparaci\u00f3n de las portillas de riego -Reparaci\u00f3n y mantenimiento del &hellip; <a href=\"https:\/\/www.cambioenaccion.es\/index.php\/barrio-lucas\/\">Sigue leyendo <span class=\"meta-nav\">&rarr;<\/span><\/a><\/p>\n","protected":false},"author":1,"featured_media":0,"parent":0,"menu_order":0,"comment_status":"closed","ping_status":"closed","template":"","meta":{"footnotes":""},"class_list":["post-96","page","type-page","status-publish","hentry"],"_links":{"self":[{"href":"https:\/\/www.cambioenaccion.es\/index.php\/wp-json\/wp\/v2\/pages\/96","targetHints":{"allow":["GET"]}}],"collection":[{"href":"https:\/\/www.cambioenaccion.es\/index.php\/wp-json\/wp\/v2\/pages"}],"about":[{"href":"https:\/\/www.cambioenaccion.es\/index.php\/wp-json\/wp\/v2\/types\/page"}],"author":[{"embeddable":true,"href":"https:\/\/www.cambioenaccion.es\/index.php\/wp-json\/wp\/v2\/users\/1"}],"replies":[{"embeddable":true,"href":"https:\/\/www.cambioenaccion.es\/index.php\/wp-json\/wp\/v2\/comments?post=96"}],"version-history":[{"count":1,"href":"https:\/\/www.cambioenaccion.es\/index.php\/wp-json\/wp\/v2\/pages\/96\/revisions"}],"predecessor-version":[{"id":124,"href":"https:\/\/www.cambioenaccion.es\/index.php\/wp-json\/wp\/v2\/pages\/96\/revisions\/124"}],"wp:attachment":[{"href":"https:\/\/www.cambioenaccion.es\/index.php\/wp-json\/wp\/v2\/media?parent=96"}],"curies":[{"name":"wp","href":"https:\/\/api.w.org\/{rel}","templated":true}]}}