{"id":94,"date":"2023-04-03T00:22:13","date_gmt":"2023-04-03T00:22:13","guid":{"rendered":"https:\/\/www.cambioenaccion.es\/?page_id=94"},"modified":"2023-04-03T00:22:13","modified_gmt":"2023-04-03T00:22:13","slug":"barrios-del-calvario-y-del-pilar","status":"publish","type":"page","link":"https:\/\/www.cambioenaccion.es\/index.php\/barrios-del-calvario-y-del-pilar\/","title":{"rendered":"Barrios del Calvario y del Pilar"},"content":{"rendered":"\n<p>-Un centro de referencia para actividades socioculturales y de socializaci\u00f3n.<\/p>\n\n\n\n<p>-Mejorar la gesti\u00f3n del tr\u00e1fico en la zona.<\/p>\n\n\n\n<p>-Modernizar los parques y realizar actividades al aire libre para la infancia.<\/p>\n","protected":false},"excerpt":{"rendered":"<p>-Un centro de referencia para actividades socioculturales y de socializaci\u00f3n. -Mejorar la gesti\u00f3n del tr\u00e1fico en la zona. -Modernizar los parques y realizar actividades al aire libre para la infancia.<\/p>\n","protected":false},"author":1,"featured_media":0,"parent":0,"menu_order":0,"comment_status":"closed","ping_status":"closed","template":"","meta":{"footnotes":""},"class_list":["post-94","page","type-page","status-publish","hentry"],"_links":{"self":[{"href":"https:\/\/www.cambioenaccion.es\/index.php\/wp-json\/wp\/v2\/pages\/94","targetHints":{"allow":["GET"]}}],"collection":[{"href":"https:\/\/www.cambioenaccion.es\/index.php\/wp-json\/wp\/v2\/pages"}],"about":[{"href":"https:\/\/www.cambioenaccion.es\/index.php\/wp-json\/wp\/v2\/types\/page"}],"author":[{"embeddable":true,"href":"https:\/\/www.cambioenaccion.es\/index.php\/wp-json\/wp\/v2\/users\/1"}],"replies":[{"embeddable":true,"href":"https:\/\/www.cambioenaccion.es\/index.php\/wp-json\/wp\/v2\/comments?post=94"}],"version-history":[{"count":1,"href":"https:\/\/www.cambioenaccion.es\/index.php\/wp-json\/wp\/v2\/pages\/94\/revisions"}],"predecessor-version":[{"id":122,"href":"https:\/\/www.cambioenaccion.es\/index.php\/wp-json\/wp\/v2\/pages\/94\/revisions\/122"}],"wp:attachment":[{"href":"https:\/\/www.cambioenaccion.es\/index.php\/wp-json\/wp\/v2\/media?parent=94"}],"curies":[{"name":"wp","href":"https:\/\/api.w.org\/{rel}","templated":true}]}}