{"id":92,"date":"2023-03-31T17:33:37","date_gmt":"2023-03-31T17:33:37","guid":{"rendered":"https:\/\/www.cambioenaccion.es\/?page_id=92"},"modified":"2023-04-03T00:24:38","modified_gmt":"2023-04-03T00:24:38","slug":"educacion","status":"publish","type":"page","link":"https:\/\/www.cambioenaccion.es\/index.php\/educacion\/","title":{"rendered":"Educaci\u00f3n"},"content":{"rendered":"\n<p><strong>Garantizar los recursos en colaboraci\u00f3n con las distintas AMPAS y Conseller\u00eda que dote a los distintos CEIP de medios tanto humanos como de infraestructura.&nbsp;<\/strong><\/p>\n\n\n\n<p><strong>Colaborar con la elaboraci\u00f3n de un protocolo de actuaci\u00f3n que ponga en marcha todos los mecanismos necesarios para hacer frente a posibles casos de acoso escolar o cualquier desigualdad.<\/strong><\/p>\n\n\n\n<p>-En colaboraci\u00f3n con las AMPAS poner en marcha una escuela de padres.<\/p>\n\n\n\n<p>-Realizar estudio y llevar a cabo en caso de ser necesario las reformas integrales en los distintos centros educativos de la ciudad, fontaner\u00eda, ventanas, internet, electricidad, mobiliario, cocina\u2026<\/p>\n\n\n\n<p>-Puesta en marcha de la construcci\u00f3n de un nuevo colegio en el municipio.<\/p>\n\n\n\n<p>-Mejorar, o, instalar en caso necesario los parques infantiles para el alumnado m\u00e1s peque\u00f1o de los CEIP<\/p>\n\n\n\n<p>-Facilitar zonas de sombra en los patios de los distintos centros educativos de la localidad.<\/p>\n\n\n\n<p>&nbsp;&nbsp;&nbsp;&nbsp;&nbsp;&nbsp;&nbsp;&nbsp;&nbsp;&nbsp;&nbsp;-Plan de actuaci\u00f3n local con las distintas AMPAS y Conseller\u00eda para poder acoger a los ni\u00f1os y ni\u00f1as que son escolarizados con la matr\u00edcula sobrevenida.<\/p>\n\n\n\n<p>&nbsp;-Plan de actuaci\u00f3n local con las distintas AMPAS y Conseller\u00eda que dote a los distintos CEIP &nbsp; de medios tanto humanos como de infraestructura para poder atender las necesidades especiales &nbsp; de los ni\u00f1os y ni\u00f1as escolarizados que no entienden el idioma y necesitan aprenderlo.<\/p>\n\n\n\n<p>-Desarrollar junto con las AMPAS, sindicatos de estudiantes y direcci\u00f3n de los distintos centros educativos, un protocolo de actuaci\u00f3n que ponga en marcha todos los mecanismos necesarios para hacer frente a posibles casos de acoso escolar.<\/p>\n","protected":false},"excerpt":{"rendered":"<p>Garantizar los recursos en colaboraci\u00f3n con las distintas AMPAS y Conseller\u00eda que dote a los distintos CEIP de medios tanto humanos como de infraestructura.&nbsp; Colaborar con la elaboraci\u00f3n de un protocolo de actuaci\u00f3n que ponga en marcha todos los mecanismos &hellip; <a href=\"https:\/\/www.cambioenaccion.es\/index.php\/educacion\/\">Sigue leyendo <span class=\"meta-nav\">&rarr;<\/span><\/a><\/p>\n","protected":false},"author":1,"featured_media":0,"parent":0,"menu_order":0,"comment_status":"closed","ping_status":"closed","template":"","meta":{"footnotes":""},"class_list":["post-92","page","type-page","status-publish","hentry"],"_links":{"self":[{"href":"https:\/\/www.cambioenaccion.es\/index.php\/wp-json\/wp\/v2\/pages\/92","targetHints":{"allow":["GET"]}}],"collection":[{"href":"https:\/\/www.cambioenaccion.es\/index.php\/wp-json\/wp\/v2\/pages"}],"about":[{"href":"https:\/\/www.cambioenaccion.es\/index.php\/wp-json\/wp\/v2\/types\/page"}],"author":[{"embeddable":true,"href":"https:\/\/www.cambioenaccion.es\/index.php\/wp-json\/wp\/v2\/users\/1"}],"replies":[{"embeddable":true,"href":"https:\/\/www.cambioenaccion.es\/index.php\/wp-json\/wp\/v2\/comments?post=92"}],"version-history":[{"count":1,"href":"https:\/\/www.cambioenaccion.es\/index.php\/wp-json\/wp\/v2\/pages\/92\/revisions"}],"predecessor-version":[{"id":120,"href":"https:\/\/www.cambioenaccion.es\/index.php\/wp-json\/wp\/v2\/pages\/92\/revisions\/120"}],"wp:attachment":[{"href":"https:\/\/www.cambioenaccion.es\/index.php\/wp-json\/wp\/v2\/media?parent=92"}],"curies":[{"name":"wp","href":"https:\/\/api.w.org\/{rel}","templated":true}]}}