{"id":91,"date":"2023-03-31T17:32:46","date_gmt":"2023-03-31T17:32:46","guid":{"rendered":"https:\/\/www.cambioenaccion.es\/?page_id=91"},"modified":"2023-04-03T00:24:07","modified_gmt":"2023-04-03T00:24:07","slug":"depor","status":"publish","type":"page","link":"https:\/\/www.cambioenaccion.es\/index.php\/depor\/","title":{"rendered":"Depor"},"content":{"rendered":"\n<p><strong>Apostamos por un fomento de la pr\u00e1ctica de actividades f\u00edsico deportivas en toda la poblaci\u00f3n en igualdad de condiciones. Sin que existan desigualdades de g\u00e9nero, edad, origen, capacidades diferentes o situaci\u00f3n econ\u00f3mica.&nbsp;<\/strong><\/p>\n\n\n\n<p><strong>Se deben garantizar los recursos necesarios para que la ciudadan\u00eda pueda practicar de forma responsable actividad f\u00edsica l\u00fadico-deportiva.<\/strong><\/p>\n\n\n\n<p><strong>&#8211;<\/strong>Facilitar la creaci\u00f3n de estructuras de voluntariado deportivo que presten su&nbsp; &nbsp; apoyo a los acontecimientos deportivos.<\/p>\n\n\n\n<p>-Reorganizar las escuelas deportivas municipales y atender puntualmente el abono mensual de las gratificaciones de los monitores.<\/p>\n\n\n\n<p>-Mejora y mantenimiento adecuado de las instalaciones deportivas.<\/p>\n","protected":false},"excerpt":{"rendered":"<p>Apostamos por un fomento de la pr\u00e1ctica de actividades f\u00edsico deportivas en toda la poblaci\u00f3n en igualdad de condiciones. Sin que existan desigualdades de g\u00e9nero, edad, origen, capacidades diferentes o situaci\u00f3n econ\u00f3mica.&nbsp; Se deben garantizar los recursos necesarios para que &hellip; <a href=\"https:\/\/www.cambioenaccion.es\/index.php\/depor\/\">Sigue leyendo <span class=\"meta-nav\">&rarr;<\/span><\/a><\/p>\n","protected":false},"author":1,"featured_media":0,"parent":0,"menu_order":0,"comment_status":"closed","ping_status":"closed","template":"","meta":{"footnotes":""},"class_list":["post-91","page","type-page","status-publish","hentry"],"_links":{"self":[{"href":"https:\/\/www.cambioenaccion.es\/index.php\/wp-json\/wp\/v2\/pages\/91","targetHints":{"allow":["GET"]}}],"collection":[{"href":"https:\/\/www.cambioenaccion.es\/index.php\/wp-json\/wp\/v2\/pages"}],"about":[{"href":"https:\/\/www.cambioenaccion.es\/index.php\/wp-json\/wp\/v2\/types\/page"}],"author":[{"embeddable":true,"href":"https:\/\/www.cambioenaccion.es\/index.php\/wp-json\/wp\/v2\/users\/1"}],"replies":[{"embeddable":true,"href":"https:\/\/www.cambioenaccion.es\/index.php\/wp-json\/wp\/v2\/comments?post=91"}],"version-history":[{"count":1,"href":"https:\/\/www.cambioenaccion.es\/index.php\/wp-json\/wp\/v2\/pages\/91\/revisions"}],"predecessor-version":[{"id":119,"href":"https:\/\/www.cambioenaccion.es\/index.php\/wp-json\/wp\/v2\/pages\/91\/revisions\/119"}],"wp:attachment":[{"href":"https:\/\/www.cambioenaccion.es\/index.php\/wp-json\/wp\/v2\/media?parent=91"}],"curies":[{"name":"wp","href":"https:\/\/api.w.org\/{rel}","templated":true}]}}