{"id":90,"date":"2023-03-31T17:32:13","date_gmt":"2023-03-31T17:32:13","guid":{"rendered":"https:\/\/www.cambioenaccion.es\/?page_id=90"},"modified":"2023-04-03T00:24:00","modified_gmt":"2023-04-03T00:24:00","slug":"cultura","status":"publish","type":"page","link":"https:\/\/www.cambioenaccion.es\/index.php\/cultura\/","title":{"rendered":"Cultura"},"content":{"rendered":"\n<p>Para nosotros y nosotras la defensa de la cultura requiere de una actuaci\u00f3n transversal con todas las pol\u00edticas p\u00fablicas y con una trascendencia sobre todos los valores, las acciones y l\u00edneas de pensamiento.&nbsp;<\/p>\n\n\n\n<p>Entendemos la cultura como un derecho de la ciudadan\u00eda que es necesario vertebrar.<\/p>\n\n\n\n<p>&nbsp;-Recuperar el Consejo Municipal de Cultura donde se reun\u00edan las asociaciones vecinales, culturales, ONG, etc, junto con el Ayuntamiento para gestionar de un modo asamblearia la actitud y el plan anual de actos culturales del municipio.<\/p>\n\n\n\n<p>-Rescatar el CEDOCA -Centro de Estudios y Documentaci\u00f3n Callosina &#8211;<\/p>\n\n\n\n<p>-Afianzar unos premios literarios de \u00e1mbito local de narrativa y poes\u00eda para dar apoyo a la creaci\u00f3n literaria.<\/p>\n\n\n\n<p>-Volver a implementar las monograf\u00edas callosinas para que los habitantes del pueblo puedan conocer las ra\u00edces de Callosa y sentirse parte con su entorno y su historia.<\/p>\n\n\n\n<p>-Apoyar a los entes culturales que ya existen en Callosa.<\/p>\n\n\n\n<p>-Crear un auditorio musical, como ya tienen otras poblaciones cercanas a &nbsp; Callosa, que son incluso m\u00e1s peque\u00f1as.<\/p>\n\n\n\n<p>-Apoyar a los nuevos creadores.<\/p>\n\n\n\n<p>-Potenciar la formaci\u00f3n musical en la sociedad musical La Filarm\u00f3nica.<\/p>\n\n\n\n<p>-Apoyar las fiestas de los barrios y descentralizar, en parte, las fiestas de San Roque.<\/p>\n\n\n\n<p>-Colaborar con los colegios, institutos y asociaciones en la pedagog\u00eda del arte y la cultura.<\/p>\n\n\n\n<p>-Creaci\u00f3n de espacios p\u00fablicos para ocio y tiempo libre, con dotaci\u00f3n para labores art\u00edsticas y musicales. Disponer de un local insonorizado para ensayos, dotado de micr\u00f3fonos y bater\u00eda.<\/p>\n\n\n\n<p>-Fomentar la colaboraci\u00f3n con los dem\u00e1s ayuntamientos cercanos en el arte, la cultura y el deporte.<\/p>\n\n\n\n<p>-Rescatar y facilitar los medios para el funcionamiento de la radio.<\/p>\n\n\n\n<p>-Subvencionar proyectos art\u00edsticos concretos que presenten creadores locales, tanto individuales como colectivos.<\/p>\n\n\n\n<p>&nbsp;-Convenio con la S.A.M. la Filarm\u00f3nica que recoja la escuela de m\u00fasica y la&nbsp; banda como referentes de nuestra localidad.<\/p>\n\n\n\n<p>&nbsp;&#8211; Invertir en la mejora del cine de invierno para que podamos disfrutar de las&nbsp; &nbsp; &nbsp; mejores pel\u00edculas a los mejores precios.<\/p>\n","protected":false},"excerpt":{"rendered":"<p>Para nosotros y nosotras la defensa de la cultura requiere de una actuaci\u00f3n transversal con todas las pol\u00edticas p\u00fablicas y con una trascendencia sobre todos los valores, las acciones y l\u00edneas de pensamiento.&nbsp; Entendemos la cultura como un derecho de &hellip; <a href=\"https:\/\/www.cambioenaccion.es\/index.php\/cultura\/\">Sigue leyendo <span class=\"meta-nav\">&rarr;<\/span><\/a><\/p>\n","protected":false},"author":1,"featured_media":0,"parent":0,"menu_order":0,"comment_status":"closed","ping_status":"closed","template":"","meta":{"footnotes":""},"class_list":["post-90","page","type-page","status-publish","hentry"],"_links":{"self":[{"href":"https:\/\/www.cambioenaccion.es\/index.php\/wp-json\/wp\/v2\/pages\/90","targetHints":{"allow":["GET"]}}],"collection":[{"href":"https:\/\/www.cambioenaccion.es\/index.php\/wp-json\/wp\/v2\/pages"}],"about":[{"href":"https:\/\/www.cambioenaccion.es\/index.php\/wp-json\/wp\/v2\/types\/page"}],"author":[{"embeddable":true,"href":"https:\/\/www.cambioenaccion.es\/index.php\/wp-json\/wp\/v2\/users\/1"}],"replies":[{"embeddable":true,"href":"https:\/\/www.cambioenaccion.es\/index.php\/wp-json\/wp\/v2\/comments?post=90"}],"version-history":[{"count":1,"href":"https:\/\/www.cambioenaccion.es\/index.php\/wp-json\/wp\/v2\/pages\/90\/revisions"}],"predecessor-version":[{"id":118,"href":"https:\/\/www.cambioenaccion.es\/index.php\/wp-json\/wp\/v2\/pages\/90\/revisions\/118"}],"wp:attachment":[{"href":"https:\/\/www.cambioenaccion.es\/index.php\/wp-json\/wp\/v2\/media?parent=90"}],"curies":[{"name":"wp","href":"https:\/\/api.w.org\/{rel}","templated":true}]}}