{"id":89,"date":"2023-03-31T17:29:22","date_gmt":"2023-03-31T17:29:22","guid":{"rendered":"https:\/\/www.cambioenaccion.es\/?page_id=89"},"modified":"2023-04-03T00:22:57","modified_gmt":"2023-04-03T00:22:57","slug":"bienestar-social","status":"publish","type":"page","link":"https:\/\/www.cambioenaccion.es\/index.php\/bienestar-social\/","title":{"rendered":"Bienestar social"},"content":{"rendered":"\n<p>-Remunicipalizaci\u00f3n de todos los servicios que actualmente se encuentran privatizados.<\/p>\n\n\n\n<p>-Creaci\u00f3n de un Fondo Social de la Pobreza.<\/p>\n\n\n\n<p>-Establecer una mesa de negociaci\u00f3n con las entidades financieras que est\u00e1n realizando desahucios y\/o disponen de viviendas vac\u00edas con el fin de paralizar los desahucios.<\/p>\n\n\n\n<p>-Disponer de viviendas sociales municipales con cuota social para personas que vivan en precario con riesgo de exclusi\u00f3n, al igual que para el colectivo de mujeres que sufren violencia de g\u00e9nero.&nbsp;<\/p>\n\n\n\n<p>-Poner en marcha un centro de d\u00eda para personas mayores dependientes y no dependientes cuyos hijos trabajan.&nbsp;<\/p>\n\n\n\n<p>-Fomentar la figura del Asistente Personal (AP) y crear una Oficina de Vida Independiente (OVI) para su autogesti\u00f3n desde el empoderamiento entre iguales de las personas con diversidad funcional y para dependientes, es decir para personas mayores.<\/p>\n","protected":false},"excerpt":{"rendered":"<p>-Remunicipalizaci\u00f3n de todos los servicios que actualmente se encuentran privatizados. -Creaci\u00f3n de un Fondo Social de la Pobreza. -Establecer una mesa de negociaci\u00f3n con las entidades financieras que est\u00e1n realizando desahucios y\/o disponen de viviendas vac\u00edas con el fin de &hellip; <a href=\"https:\/\/www.cambioenaccion.es\/index.php\/bienestar-social\/\">Sigue leyendo <span class=\"meta-nav\">&rarr;<\/span><\/a><\/p>\n","protected":false},"author":1,"featured_media":0,"parent":0,"menu_order":0,"comment_status":"closed","ping_status":"closed","template":"","meta":{"footnotes":""},"class_list":["post-89","page","type-page","status-publish","hentry"],"_links":{"self":[{"href":"https:\/\/www.cambioenaccion.es\/index.php\/wp-json\/wp\/v2\/pages\/89","targetHints":{"allow":["GET"]}}],"collection":[{"href":"https:\/\/www.cambioenaccion.es\/index.php\/wp-json\/wp\/v2\/pages"}],"about":[{"href":"https:\/\/www.cambioenaccion.es\/index.php\/wp-json\/wp\/v2\/types\/page"}],"author":[{"embeddable":true,"href":"https:\/\/www.cambioenaccion.es\/index.php\/wp-json\/wp\/v2\/users\/1"}],"replies":[{"embeddable":true,"href":"https:\/\/www.cambioenaccion.es\/index.php\/wp-json\/wp\/v2\/comments?post=89"}],"version-history":[{"count":1,"href":"https:\/\/www.cambioenaccion.es\/index.php\/wp-json\/wp\/v2\/pages\/89\/revisions"}],"predecessor-version":[{"id":117,"href":"https:\/\/www.cambioenaccion.es\/index.php\/wp-json\/wp\/v2\/pages\/89\/revisions\/117"}],"wp:attachment":[{"href":"https:\/\/www.cambioenaccion.es\/index.php\/wp-json\/wp\/v2\/media?parent=89"}],"curies":[{"name":"wp","href":"https:\/\/api.w.org\/{rel}","templated":true}]}}