{"id":88,"date":"2023-03-31T17:27:14","date_gmt":"2023-03-31T17:27:14","guid":{"rendered":"https:\/\/www.cambioenaccion.es\/?page_id=88"},"modified":"2023-04-03T00:24:47","modified_gmt":"2023-04-03T00:24:47","slug":"empleo","status":"publish","type":"page","link":"https:\/\/www.cambioenaccion.es\/index.php\/empleo\/","title":{"rendered":"Empleo"},"content":{"rendered":"\n<p>-Pr\u00e9stamos al 0% de inter\u00e9s. El Ayuntamiento ofrecer\u00e1 microcr\u00e9ditos de forma directa hasta el l\u00edmite que presupuestariamente se establezca, con condiciones flexibles para su devoluci\u00f3n.<\/p>\n\n\n\n<p>-Recuperar el 100% de la cuota de aut\u00f3nomo. Subvencionar desde la administraci\u00f3n local el 100% de la cuota de aut\u00f3nomo durante el primer a\u00f1o a los nuevos emprendedores callosinos.<\/p>\n\n\n\n<p>-Cesi\u00f3n gratuita de locales durante dos a\u00f1os a los nuevos emprendedores rehabilitando el antiguo IES Vega Baja.<\/p>\n","protected":false},"excerpt":{"rendered":"<p>-Pr\u00e9stamos al 0% de inter\u00e9s. El Ayuntamiento ofrecer\u00e1 microcr\u00e9ditos de forma directa hasta el l\u00edmite que presupuestariamente se establezca, con condiciones flexibles para su devoluci\u00f3n. -Recuperar el 100% de la cuota de aut\u00f3nomo. Subvencionar desde la administraci\u00f3n local el 100% &hellip; <a href=\"https:\/\/www.cambioenaccion.es\/index.php\/empleo\/\">Sigue leyendo <span class=\"meta-nav\">&rarr;<\/span><\/a><\/p>\n","protected":false},"author":1,"featured_media":0,"parent":0,"menu_order":0,"comment_status":"closed","ping_status":"closed","template":"","meta":{"footnotes":""},"class_list":["post-88","page","type-page","status-publish","hentry"],"_links":{"self":[{"href":"https:\/\/www.cambioenaccion.es\/index.php\/wp-json\/wp\/v2\/pages\/88","targetHints":{"allow":["GET"]}}],"collection":[{"href":"https:\/\/www.cambioenaccion.es\/index.php\/wp-json\/wp\/v2\/pages"}],"about":[{"href":"https:\/\/www.cambioenaccion.es\/index.php\/wp-json\/wp\/v2\/types\/page"}],"author":[{"embeddable":true,"href":"https:\/\/www.cambioenaccion.es\/index.php\/wp-json\/wp\/v2\/users\/1"}],"replies":[{"embeddable":true,"href":"https:\/\/www.cambioenaccion.es\/index.php\/wp-json\/wp\/v2\/comments?post=88"}],"version-history":[{"count":1,"href":"https:\/\/www.cambioenaccion.es\/index.php\/wp-json\/wp\/v2\/pages\/88\/revisions"}],"predecessor-version":[{"id":116,"href":"https:\/\/www.cambioenaccion.es\/index.php\/wp-json\/wp\/v2\/pages\/88\/revisions\/116"}],"wp:attachment":[{"href":"https:\/\/www.cambioenaccion.es\/index.php\/wp-json\/wp\/v2\/media?parent=88"}],"curies":[{"name":"wp","href":"https:\/\/api.w.org\/{rel}","templated":true}]}}