{"id":87,"date":"2023-03-31T17:26:43","date_gmt":"2023-03-31T17:26:43","guid":{"rendered":"https:\/\/www.cambioenaccion.es\/?page_id=87"},"modified":"2023-04-03T00:27:50","modified_gmt":"2023-04-03T00:27:50","slug":"servicios-sociales","status":"publish","type":"page","link":"https:\/\/www.cambioenaccion.es\/index.php\/servicios-sociales\/","title":{"rendered":"Servicios Sociales"},"content":{"rendered":"\n<p>-Creaci\u00f3n de una comisi\u00f3n permanente entre Ayuntamiento-C\u00e1ritas-Cruz Roja para el estudio y propuesta, con car\u00e1cter objetivo, de ayudas y prestaciones sociales.<\/p>\n\n\n\n<p>-Intervenci\u00f3n socioeducativa en familias de la zona de V\u00eda Crucis y Vista Alegre.<\/p>\n\n\n\n<p>-Corregir el abandono escolar temprano de algunos menores de estos barrios (huerta).<\/p>\n\n\n\n<p>-Creaci\u00f3n de un comedor infantil durante los meses de julio y agosto de manera que todos los ni\u00f1os y ni\u00f1as del municipio tengan garantizados al menos una comida al d\u00eda.<\/p>\n\n\n\n<p>-Facilitar la contrataci\u00f3n en la administraci\u00f3n del Ayuntamiento de una persona que sepa hablar \u00e1rabe, facilitando y dinamizando atender a personas inmigrantes que no saben desenvolverse con nuestro idioma.<\/p>\n\n\n\n<p>-Disponer de ordenadores en Servicios Sociales que est\u00e9n a disposici\u00f3n de las personas que necesiten realizar una gesti\u00f3n telem\u00e1tica de este \u00e1mbito y no sepan c\u00f3mo hacerla.<\/p>\n","protected":false},"excerpt":{"rendered":"<p>-Creaci\u00f3n de una comisi\u00f3n permanente entre Ayuntamiento-C\u00e1ritas-Cruz Roja para el estudio y propuesta, con car\u00e1cter objetivo, de ayudas y prestaciones sociales. -Intervenci\u00f3n socioeducativa en familias de la zona de V\u00eda Crucis y Vista Alegre. -Corregir el abandono escolar temprano de &hellip; <a href=\"https:\/\/www.cambioenaccion.es\/index.php\/servicios-sociales\/\">Sigue leyendo <span class=\"meta-nav\">&rarr;<\/span><\/a><\/p>\n","protected":false},"author":1,"featured_media":0,"parent":0,"menu_order":0,"comment_status":"closed","ping_status":"closed","template":"","meta":{"footnotes":""},"class_list":["post-87","page","type-page","status-publish","hentry"],"_links":{"self":[{"href":"https:\/\/www.cambioenaccion.es\/index.php\/wp-json\/wp\/v2\/pages\/87","targetHints":{"allow":["GET"]}}],"collection":[{"href":"https:\/\/www.cambioenaccion.es\/index.php\/wp-json\/wp\/v2\/pages"}],"about":[{"href":"https:\/\/www.cambioenaccion.es\/index.php\/wp-json\/wp\/v2\/types\/page"}],"author":[{"embeddable":true,"href":"https:\/\/www.cambioenaccion.es\/index.php\/wp-json\/wp\/v2\/users\/1"}],"replies":[{"embeddable":true,"href":"https:\/\/www.cambioenaccion.es\/index.php\/wp-json\/wp\/v2\/comments?post=87"}],"version-history":[{"count":1,"href":"https:\/\/www.cambioenaccion.es\/index.php\/wp-json\/wp\/v2\/pages\/87\/revisions"}],"predecessor-version":[{"id":115,"href":"https:\/\/www.cambioenaccion.es\/index.php\/wp-json\/wp\/v2\/pages\/87\/revisions\/115"}],"wp:attachment":[{"href":"https:\/\/www.cambioenaccion.es\/index.php\/wp-json\/wp\/v2\/media?parent=87"}],"curies":[{"name":"wp","href":"https:\/\/api.w.org\/{rel}","templated":true}]}}