{"id":86,"date":"2023-03-31T17:24:42","date_gmt":"2023-03-31T17:24:42","guid":{"rendered":"https:\/\/www.cambioenaccion.es\/?page_id=86"},"modified":"2023-04-03T00:22:37","modified_gmt":"2023-04-03T00:22:37","slug":"bienestar-animal","status":"publish","type":"page","link":"https:\/\/www.cambioenaccion.es\/index.php\/bienestar-animal\/","title":{"rendered":"Bienestar animal"},"content":{"rendered":"\n<p>-Realizaci\u00f3n de campa\u00f1as a lo largo de todo el a\u00f1o, pero en especial en \u00e9pocas de Navidad y verano, en Navidad; por el equivocado concepto de entender a los animales como un regalo m\u00e1s, cuando en realidad debe ser entendido como uno m\u00e1s de la familia. En verano; por ser este el periodo donde se producen la mayor parte de abandonos (en su mayor\u00eda fueron \u201cregalos\u201d de Navidad). Las campa\u00f1as se realizar\u00e1n a trav\u00e9s de pegada de carteles, publicaci\u00f3n en Facebook y Red Fibra. En verano \u201cNO AL ABANDONO\u201d y en Navidad \u201cNO ES UN JUGUETE\u201d para concienciar a la ciudadan\u00eda de la responsabilidad de tener una mascota, de igual forma, se recordar\u00e1n las multas contempladas en caso de abandono, intentando as\u00ed reducir el n\u00famero de estos anualmente.&nbsp;<\/p>\n\n\n\n<p><strong>&#8211;<\/strong>Realizar convenios con veterinarios para llevar a cabo campa\u00f1as peri\u00f3dicas de esterilizaciones a particulares siempre que sean personas empadronadas en el municipio y el animal en cuesti\u00f3n est\u00e9 registrado en el padr\u00f3n municipal (dicho registro ser\u00e1 gratuito), con el fin que hayan menos nacimientos indeseados que puedan provocar la muerte de las cr\u00edas, o, el abandono, tanto de la hembra, como de sus cachorros.&nbsp;<\/p>\n\n\n\n<p><strong>&#8211;<\/strong>Realizar convenios con veterinarios para llevar a cabo las vacunas obligatorias por ley en caso de perros, gatos y hurones, siempre que se pueda demostrar la propiedad del animal (ya sea por tener el chip anteriormente, o, por el registro del mismo en el padr\u00f3n municipal), as\u00ed como, el empadronamiento en nuestro municipio tanto del propietario como del animal en cuesti\u00f3n. En el caso de los perros, nos podemos guiar que en el Pilar de la Horadada se ha hecho una campa\u00f1a de dos meses para poner a los perros del municipio la antirr\u00e1bica con un coste a los due\u00f1os de 10\u20ac y la expedici\u00f3n del pasaporte por 22\u20ac.<\/p>\n\n\n\n<p><strong>&#8211;<\/strong>Realizar campa\u00f1as publicitarias a trav\u00e9s de carteles, Facebook y Red Fibra, con el fin de informar a toda la ciudadan\u00eda sobre la necesidad de establecer y cuidar las colonias felinas y que haya el mayor n\u00famero de voluntarios posibles para llevar a cabo la Captura, Esterilizaci\u00f3n y Suelta de las colonias callejeras, as\u00ed como, facilitar los medios para llevarlos a cabo (gambero, jaulas trampas, alimento h\u00famedo&#8230;). Adem\u00e1s, de tener un registro de las colonias y magnitud de cada una de ellas para saber qu\u00e9 cantidad de medios ser\u00e1n necesarios.&nbsp;<\/p>\n\n\n\n<p><strong>&#8211;<\/strong>Impartir cursos sobre la alimentaci\u00f3n, condiciones y lugares para alimentar a las colonias de gatos, as\u00ed como, la entrega de la normativa del control de las colonias, facilitar un carn\u00e9, chaleco y adhesivo para el veh\u00edculo (del cual se debe facilitar la matr\u00edcula para tener un control) con el que poder identificar a una alimentadora, evitando as\u00ed, las multas que le puedan ocasionar el hecho de alimentar a animales callejeros, siempre y cuando se respete la limpieza y salubridad de la zona. Se adecuar\u00e1 la ordenanza municipal de convivencia ciudadana para permitir (previo informe t\u00e9cnico) que los voluntarios alimenten a los gatos en los espacios habilitados para ello; colonias felinas y refugios de alimentaci\u00f3n. Mensualmente se har\u00e1 una aportaci\u00f3n de pienso seco a los voluntarios que posean el carn\u00e9 de alimentadores de colonias para ayuda a la captura y cuidado de los gatos de las colonias municipales a trav\u00e9s de la Asociaci\u00f3n Felinos Alegres, ya que, es la que realiza el proyecto CES.<\/p>\n\n\n\n<p><strong>&#8211;<\/strong>Se adecuar\u00e1n en las zonas que sea posible el establecimiento de colonias felinas con las condiciones debidas, (con un vallado adecuado, con refugio en su interior, puntos de alimento, seguridad, limpieza, desparasitaci\u00f3n&#8230;) para el traslado de los gatos que hayan sido esterilizados, consiguiendo as\u00ed, reducir el n\u00famero de colonias, adem\u00e1s, de buscar adopci\u00f3n para los mismos. En los lugares donde esto no sea posible se llevar\u00e1 a cabo la instalaci\u00f3n de -puntos de refugio-; los citados puntos consistir\u00e1n en la colocaci\u00f3n de contenedores de vidrio reconvertidos en puntos de refugio, u otros materiales reciclados, as\u00ed como la alimentaci\u00f3n. Todas las colonias deben estar se\u00f1alizadas con un&nbsp; cartel donde indique que se est\u00e1 gestionado por el Ayuntamiento a trav\u00e9s de los voluntarios.<\/p>\n\n\n\n<p><strong>&#8211;<\/strong>Se dotar\u00e1 con una partida presupuestaria adecuada la recogida de animales errantes en el municipio. El objetivo principal, es poner en conocimiento de la ciudadan\u00eda que se debe auxiliar a los animales abandonados, o, heridos que nos encontramos en el municipio y que ello no le acarrear\u00e1 coste econ\u00f3mico alguno. En caso de que el animal rescatado tenga propietario conocido, o, se le pueda localizar, ser\u00e1 este el que se haga cargo de los gastos veterinarios y de cualquier tipo que pueda conllevar el rescate del animal.&nbsp;<\/p>\n\n\n\n<p>-Realizaci\u00f3n de cursos por parte de la Polic\u00eda Local para saber c\u00f3mo actuar en caso de detectar a un animal agresivo o herido al que se tenga que dar traslado, as\u00ed como, realizar los correspondientes informes en caso de sospechas que un animal pueda estar sufriendo maltrato o est\u00e9 en situaci\u00f3n de insalubridad, haciendo las acciones legales pertinentes como sancionar al propietario, sustracci\u00f3n del animal para llevarlo a una protectora o refugio, o, en caso que sea necesario, pasar el aviso al Seprona. De igual manera, se deber\u00e1 auxiliar a los animales que est\u00e9n en peligro, ya sea, por conocimiento de la propia Polic\u00eda Local, como en caso de que un vecino llame denunciando una situaci\u00f3n de vulnerabilidad de un animal en cuesti\u00f3n. Para todo ello, se pondr\u00e1n los medios necesarios. Se dotar\u00e1 de un veh\u00edculo especial para el traslado de los animales que ser\u00e1 utilizado por la Polic\u00eda Local y la URMA para contar con las garant\u00edas de seguridad en el traslado tanto el animal en cuesti\u00f3n, como los agentes.&nbsp;<\/p>\n\n\n\n<p><strong>&#8211;<\/strong>Revisar las cantidades que se imponen como multas en caso de envenenamiento, maltrato, insalubridad de los animales, no llevar al animal con su correspondiente correa, bozal en caso de ser obligatorio, la recogida de las heces, al igual, que depositar azufre o cualquier tipo de veneno en la v\u00eda p\u00fablica. No se podr\u00e1 usar los animales para ferias, circos, ni ning\u00fan otro acto en el que suponga el maltrato, enjaulamiento, o, situaciones de insalubridad.&nbsp;<\/p>\n\n\n\n<p><strong>&#8211;<\/strong>Realizar al menos, una vez al a\u00f1o, charlas en los centros de Educaci\u00f3n Secundaria Obligatoria, para concienciar a los m\u00e1s peque\u00f1os sobre la responsabilidad de tener una animal.&nbsp;<\/p>\n\n\n\n<p><strong>&#8211;<\/strong>Instalaci\u00f3n de paneles publicitarios destinados a colocar carteles de los animales que se hayan perdido\/encontrado en el municipio, o, alrededores para intentar que se reencuentren lo antes posible con sus familias.&nbsp;<\/p>\n\n\n\n<p><strong>&#8211;<\/strong>Aprovechar el terreno del parque canino llevando asociaciones como protectoras y grupos de rescate donde la entrada ser\u00e1 libre y gratuita, con el fin, de concienciar a la ciudadan\u00eda sobre el respeto hacia los animales y promover la adopci\u00f3n, as\u00ed como, promover jornadas caninas en el municipio. Adem\u00e1s, de adecuar las instalaciones y poner juegos para los perros, as\u00ed como, crear nuevos parques en el municipio.<\/p>\n\n\n\n<p>-Se revisar\u00e1 el estado de las instalaciones de la protectora municipal con el fin de poder mejorarlas y que por lo tanto, los animales tengan unas mejores condiciones, para ello, se hablar\u00e1 con el voluntariado para que informen de las mejoras que se pueden llevar a cabo as\u00ed como, revisar el terreno, la instalaci\u00f3n de agua y luz, las jaulas y dem\u00e1s para elaborar el correspondiente informe y llevar a cabo las mismas.&nbsp;<\/p>\n\n\n\n<p>-Realizar un convenio con la asociaci\u00f3n Felinos Alegres a trav\u00e9s del cual se les asigne una partida mensual para as\u00ed facilitar que puedan acceder tanto a materiales de captura como a la medicaci\u00f3n, o, comida especial que necesite alg\u00fan gato enfermo, o, convaleciente, as\u00ed como, disponer de un espacio donde guardar dichos materiales.<\/p>\n\n\n\n<p>-Gesti\u00f3n \u00e9tica de las cabras, habilitando un vallado-trampa lo suficientemente grande que&nbsp; contar\u00e1 con comederos con alimento apetecible, el cual dispondr\u00e1 de anticonceptivos para el control de la fertilidad. Los animales recogidos en este vallado se ir\u00e1n derivando a santuarios y refugios de protecci\u00f3n animal.<\/p>\n","protected":false},"excerpt":{"rendered":"<p>-Realizaci\u00f3n de campa\u00f1as a lo largo de todo el a\u00f1o, pero en especial en \u00e9pocas de Navidad y verano, en Navidad; por el equivocado concepto de entender a los animales como un regalo m\u00e1s, cuando en realidad debe ser entendido &hellip; <a href=\"https:\/\/www.cambioenaccion.es\/index.php\/bienestar-animal\/\">Sigue leyendo <span class=\"meta-nav\">&rarr;<\/span><\/a><\/p>\n","protected":false},"author":1,"featured_media":0,"parent":0,"menu_order":0,"comment_status":"closed","ping_status":"closed","template":"","meta":{"footnotes":""},"class_list":["post-86","page","type-page","status-publish","hentry"],"_links":{"self":[{"href":"https:\/\/www.cambioenaccion.es\/index.php\/wp-json\/wp\/v2\/pages\/86","targetHints":{"allow":["GET"]}}],"collection":[{"href":"https:\/\/www.cambioenaccion.es\/index.php\/wp-json\/wp\/v2\/pages"}],"about":[{"href":"https:\/\/www.cambioenaccion.es\/index.php\/wp-json\/wp\/v2\/types\/page"}],"author":[{"embeddable":true,"href":"https:\/\/www.cambioenaccion.es\/index.php\/wp-json\/wp\/v2\/users\/1"}],"replies":[{"embeddable":true,"href":"https:\/\/www.cambioenaccion.es\/index.php\/wp-json\/wp\/v2\/comments?post=86"}],"version-history":[{"count":1,"href":"https:\/\/www.cambioenaccion.es\/index.php\/wp-json\/wp\/v2\/pages\/86\/revisions"}],"predecessor-version":[{"id":111,"href":"https:\/\/www.cambioenaccion.es\/index.php\/wp-json\/wp\/v2\/pages\/86\/revisions\/111"}],"wp:attachment":[{"href":"https:\/\/www.cambioenaccion.es\/index.php\/wp-json\/wp\/v2\/media?parent=86"}],"curies":[{"name":"wp","href":"https:\/\/api.w.org\/{rel}","templated":true}]}}