{"id":84,"date":"2023-04-02T23:55:26","date_gmt":"2023-04-02T23:55:26","guid":{"rendered":"https:\/\/www.cambioenaccion.es\/?page_id=84"},"modified":"2023-04-03T00:06:19","modified_gmt":"2023-04-03T00:06:19","slug":"agricultura-y-medio-ambiente","status":"publish","type":"page","link":"https:\/\/www.cambioenaccion.es\/index.php\/agricultura-y-medio-ambiente\/","title":{"rendered":"Agricultura y medio ambiente"},"content":{"rendered":"\n<h1 class=\"wp-block-heading justificar\"><strong>Es necesario hacer pol\u00edticas valientes para frenar el aceleramiento del cambio clim\u00e1tico e implantar propuestas responsables. Pol\u00edticas que avancen hacia el cambio en el modelo energ\u00e9tico, la vertebraci\u00f3n del territorio, la forma de gesti\u00f3n de nuestros espacios naturales.<\/strong><\/h1>\n\n\n\n<p class=\"justificar\">-Elaboraci\u00f3n de protocolos sobre c\u00f3mo actuar en caso de riadas y terremotos con la informaci\u00f3n y conocimientos actuales de los que disponemos. Dar a conocer c\u00f3mo reaccionar en caso de emergencia a trav\u00e9s de charlas en centros educativos, sanitarios y para el p\u00fablico en general, as\u00ed como, breves explicaciones a trav\u00e9s de carteles en puntos donde se congreguen mayor n\u00famero de personas como puede ser el mercado de abastos, el centro de salud, etc\u00e9tera.&nbsp;<\/p>\n\n\n\n<p class=\"justificar\">-Instalaci\u00f3n de un punto limpio donde ofrecer a los ciudadanos depositar de manera separada residuos como maderas, electrodom\u00e9sticos, colchones, escombros, etc\u00e9tera.<\/p>\n\n\n\n<p class=\"justificar\">-Gesti\u00f3n educativa y tur\u00edstica de la nueva aula de la naturaleza. Desarrollo de programas de educaci\u00f3n ambiental para diferentes niveles educativos consensuados con los profesores y relacionados con la ecolog\u00eda de la sierra de Callosa de Segura.<\/p>\n\n\n\n<p class=\"justificar\">-Elaborar convenios de colaboraci\u00f3n con la Universidad de Alicante y la Universidad Miguel Hern\u00e1ndez de investigaci\u00f3n bot\u00e1nica, zoolog\u00eda y entomolog\u00eda de la sierra de Callosa.<\/p>\n\n\n\n<p class=\"justificar\">-Promover y fomentar un centro de interpretaci\u00f3n ambiental con los valores naturales de nuestro entorno.<\/p>\n\n\n\n<p class=\"justificar\">&#8211; Reactivar el Consejo de Medio Ambiente Municipal.<\/p>\n\n\n\n<p class=\"justificar\">-Gestionar el Paraje Natural Municipal \u201cLa Pilarica-Sierra de Callosa\u201d.<\/p>\n\n\n\n<p class=\"justificar\">-Reactivar el Consejo de Participaci\u00f3n del Paraje Natural Municipal. Actualizar el Plan Especial de Protecci\u00f3n del Paraje.<\/p>\n\n\n\n<p class=\"justificar\">-Gestionar el uso recreativo de la v\u00eda ferrata, v\u00edas de escalada y senderismo.<\/p>\n\n\n\n<p class=\"justificar\">-Fomentar la participaci\u00f3n directa de las asociaciones locales relacionadas con el uso y disfrute de la sierra.<\/p>\n\n\n\n<p class=\"justificar\">-Elaboraci\u00f3n e impresi\u00f3n de tr\u00edpticos informativos, gu\u00edas y libros que sirvan para divulgar los valores naturales de nuestro entorno.<\/p>\n\n\n\n<p class=\"justificar\">-Adecuaci\u00f3n urban\u00edstica de las laderas de la sierra y zonas deprimidas.<\/p>\n\n\n\n<p class=\"justificar\">-Potenciar las zonas medio-ambientales de nuestro pueblo y crear nuevos senderos que potencien nuestro medio natural paisaj\u00edstico.<\/p>\n\n\n\n<p class=\"justificar\">-Crear un sendero local desde el mirador de los hiladores hasta la ermita de San Roque, pasando por el paraje de la Pilarica.<\/p>\n\n\n\n<p class=\"justificar\">-Controlar el plan urban\u00edstico municipal para que se respeten las zonas protegidas como las laderas de la sierra, la zona arqueol\u00f3gica y otros bienes de inter\u00e9s cultural.<\/p>\n\n\n\n<p class=\"justificar\">-Creaci\u00f3n de un \u00e1rea recreativa con barbacoas, pistas deportivas y zona infantil para uso de las familias.<\/p>\n\n\n\n<p class=\"justificar\">-Obligar al cumplimiento de la ordenanza municipal de limpieza de solares.&nbsp;<\/p>\n\n\n\n<p class=\"justificar\">-Reforestaci\u00f3n progresiva de nuestra sierra con plantas aut\u00f3ctonas.<\/p>\n\n\n\n<p class=\"justificar\">-Creaci\u00f3n de huertos urbanos sociales, donde las personas paradas, pensionistas y aficionados a la agricultura en general puedan dedicar su tiempo libre a tareas manuales y creativas, as\u00ed como practicar la jardiner\u00eda.<strong>&#8211;<\/strong>Control de los pesticidas y el esti\u00e9rcol que se utilizan en la huerta para asegurarnos de que no entra\u00f1an peligro para los residentes de la zona.<\/p>\n","protected":false},"excerpt":{"rendered":"<p>Es necesario hacer pol\u00edticas valientes para frenar el aceleramiento del cambio clim\u00e1tico e implantar propuestas responsables. Pol\u00edticas que avancen hacia el cambio en el modelo energ\u00e9tico, la vertebraci\u00f3n del territorio, la forma de gesti\u00f3n de nuestros espacios naturales. -Elaboraci\u00f3n de &hellip; <a href=\"https:\/\/www.cambioenaccion.es\/index.php\/agricultura-y-medio-ambiente\/\">Sigue leyendo <span class=\"meta-nav\">&rarr;<\/span><\/a><\/p>\n","protected":false},"author":1,"featured_media":0,"parent":0,"menu_order":0,"comment_status":"closed","ping_status":"closed","template":"","meta":{"footnotes":""},"class_list":["post-84","page","type-page","status-publish","hentry"],"_links":{"self":[{"href":"https:\/\/www.cambioenaccion.es\/index.php\/wp-json\/wp\/v2\/pages\/84","targetHints":{"allow":["GET"]}}],"collection":[{"href":"https:\/\/www.cambioenaccion.es\/index.php\/wp-json\/wp\/v2\/pages"}],"about":[{"href":"https:\/\/www.cambioenaccion.es\/index.php\/wp-json\/wp\/v2\/types\/page"}],"author":[{"embeddable":true,"href":"https:\/\/www.cambioenaccion.es\/index.php\/wp-json\/wp\/v2\/users\/1"}],"replies":[{"embeddable":true,"href":"https:\/\/www.cambioenaccion.es\/index.php\/wp-json\/wp\/v2\/comments?post=84"}],"version-history":[{"count":16,"href":"https:\/\/www.cambioenaccion.es\/index.php\/wp-json\/wp\/v2\/pages\/84\/revisions"}],"predecessor-version":[{"id":161,"href":"https:\/\/www.cambioenaccion.es\/index.php\/wp-json\/wp\/v2\/pages\/84\/revisions\/161"}],"wp:attachment":[{"href":"https:\/\/www.cambioenaccion.es\/index.php\/wp-json\/wp\/v2\/media?parent=84"}],"curies":[{"name":"wp","href":"https:\/\/api.w.org\/{rel}","templated":true}]}}