{"id":82,"date":"2023-03-31T17:18:46","date_gmt":"2023-03-31T17:18:46","guid":{"rendered":"https:\/\/www.cambioenaccion.es\/?page_id=82"},"modified":"2023-04-03T00:25:29","modified_gmt":"2023-04-03T00:25:29","slug":"feminismo","status":"publish","type":"page","link":"https:\/\/www.cambioenaccion.es\/index.php\/feminismo\/","title":{"rendered":"Feminismo"},"content":{"rendered":"\n<p>-Campa\u00f1as de sensibilizaci\u00f3n e informaci\u00f3n en la prevenci\u00f3n de la discriminaci\u00f3n, acoso o violencia por raz\u00f3n de g\u00e9nero.<\/p>\n\n\n\n<p>-Crear canales para facilitar la denuncia de cualquier tipo de discriminaci\u00f3n sexista.<\/p>\n\n\n\n<p>-Mantener interlocuci\u00f3n permanente con las asociaciones locales de mujeres.<\/p>\n\n\n\n<p>-Establecer el punto violeta que realice un estudio pormenorizado de la violencia de g\u00e9nero en la localidad y que permita la puesta en marcha de un programa municipal de atenci\u00f3n a mujeres maltratadas, mecanismos de coordinaci\u00f3n y cooperaci\u00f3n y asistencia jur\u00eddica en el momento de la denuncia.<\/p>\n\n\n\n<p>-Colocaci\u00f3n en las diferentes entradas del pueblo carteler\u00eda o se\u00f1ales que indiquen que la localidad es una ciudad libre de violencia de g\u00e9nero.&nbsp;&nbsp;<\/p>\n\n\n\n<p>-Apoyo y arrope institucional, sobre todo durante los meses de marzo y noviembre.&nbsp;<\/p>\n\n\n\n<p>-Garantizar la disponibilidad de apoyo psicol\u00f3gico a las v\u00edctimas de violencia de g\u00e9nero, as\u00ed como a los hijos o convivientes que haya podido presenciarlo.<\/p>\n\n\n\n<p>-Crear el Consejo de Bienestar Social, del que formen parte todos los entes y asociaciones relacionados. Elaborar un Reglamento de funcionamiento del mismo en el que, entre otras cosas, se establezcan los plazos m\u00e1ximos para reuniones peri\u00f3dicas.<\/p>\n","protected":false},"excerpt":{"rendered":"<p>-Campa\u00f1as de sensibilizaci\u00f3n e informaci\u00f3n en la prevenci\u00f3n de la discriminaci\u00f3n, acoso o violencia por raz\u00f3n de g\u00e9nero. -Crear canales para facilitar la denuncia de cualquier tipo de discriminaci\u00f3n sexista. -Mantener interlocuci\u00f3n permanente con las asociaciones locales de mujeres. -Establecer &hellip; <a href=\"https:\/\/www.cambioenaccion.es\/index.php\/feminismo\/\">Sigue leyendo <span class=\"meta-nav\">&rarr;<\/span><\/a><\/p>\n","protected":false},"author":1,"featured_media":0,"parent":0,"menu_order":0,"comment_status":"closed","ping_status":"closed","template":"","meta":{"footnotes":""},"class_list":["post-82","page","type-page","status-publish","hentry"],"_links":{"self":[{"href":"https:\/\/www.cambioenaccion.es\/index.php\/wp-json\/wp\/v2\/pages\/82","targetHints":{"allow":["GET"]}}],"collection":[{"href":"https:\/\/www.cambioenaccion.es\/index.php\/wp-json\/wp\/v2\/pages"}],"about":[{"href":"https:\/\/www.cambioenaccion.es\/index.php\/wp-json\/wp\/v2\/types\/page"}],"author":[{"embeddable":true,"href":"https:\/\/www.cambioenaccion.es\/index.php\/wp-json\/wp\/v2\/users\/1"}],"replies":[{"embeddable":true,"href":"https:\/\/www.cambioenaccion.es\/index.php\/wp-json\/wp\/v2\/comments?post=82"}],"version-history":[{"count":1,"href":"https:\/\/www.cambioenaccion.es\/index.php\/wp-json\/wp\/v2\/pages\/82\/revisions"}],"predecessor-version":[{"id":106,"href":"https:\/\/www.cambioenaccion.es\/index.php\/wp-json\/wp\/v2\/pages\/82\/revisions\/106"}],"wp:attachment":[{"href":"https:\/\/www.cambioenaccion.es\/index.php\/wp-json\/wp\/v2\/media?parent=82"}],"curies":[{"name":"wp","href":"https:\/\/api.w.org\/{rel}","templated":true}]}}