{"id":81,"date":"2023-03-31T17:18:19","date_gmt":"2023-03-31T17:18:19","guid":{"rendered":"https:\/\/www.cambioenaccion.es\/?page_id=81"},"modified":"2023-04-03T00:26:25","modified_gmt":"2023-04-03T00:26:25","slug":"lgtbi","status":"publish","type":"page","link":"https:\/\/www.cambioenaccion.es\/index.php\/lgtbi\/","title":{"rendered":"LGTBI"},"content":{"rendered":"\n<p>-Se adquirir\u00e1 m\u00e1s material bibliogr\u00e1fico y audiovisual para la biblioteca municipal, se realizar\u00e1n charlas informativas por parte de ponentes especializados, adem\u00e1s, el municipio se&nbsp; adherir\u00e1 al observatorio LGTBI.<\/p>\n\n\n\n<p>-Se ofrecer\u00e1n medios a los centros educativos para realizar actividades relacionadas la diversidad afectivo-sexual, el feminismo, la igualdad, la violencia machista y la diversidad familiar para as\u00ed alcanzar la no discriminaci\u00f3n. Estos medios consistir\u00e1n en bibliotecas, juegos desarrollados a tal fin, actividades conjuntas, etc. Para ello, se mantendr\u00e1n reuniones con las responsables de igualdad de los colegios e institutos, as\u00ed como, los equipos psicopedag\u00f3gicos.<\/p>\n","protected":false},"excerpt":{"rendered":"<p>-Se adquirir\u00e1 m\u00e1s material bibliogr\u00e1fico y audiovisual para la biblioteca municipal, se realizar\u00e1n charlas informativas por parte de ponentes especializados, adem\u00e1s, el municipio se&nbsp; adherir\u00e1 al observatorio LGTBI. -Se ofrecer\u00e1n medios a los centros educativos para realizar actividades relacionadas la &hellip; <a href=\"https:\/\/www.cambioenaccion.es\/index.php\/lgtbi\/\">Sigue leyendo <span class=\"meta-nav\">&rarr;<\/span><\/a><\/p>\n","protected":false},"author":1,"featured_media":0,"parent":0,"menu_order":0,"comment_status":"closed","ping_status":"closed","template":"","meta":{"footnotes":""},"class_list":["post-81","page","type-page","status-publish","hentry"],"_links":{"self":[{"href":"https:\/\/www.cambioenaccion.es\/index.php\/wp-json\/wp\/v2\/pages\/81","targetHints":{"allow":["GET"]}}],"collection":[{"href":"https:\/\/www.cambioenaccion.es\/index.php\/wp-json\/wp\/v2\/pages"}],"about":[{"href":"https:\/\/www.cambioenaccion.es\/index.php\/wp-json\/wp\/v2\/types\/page"}],"author":[{"embeddable":true,"href":"https:\/\/www.cambioenaccion.es\/index.php\/wp-json\/wp\/v2\/users\/1"}],"replies":[{"embeddable":true,"href":"https:\/\/www.cambioenaccion.es\/index.php\/wp-json\/wp\/v2\/comments?post=81"}],"version-history":[{"count":1,"href":"https:\/\/www.cambioenaccion.es\/index.php\/wp-json\/wp\/v2\/pages\/81\/revisions"}],"predecessor-version":[{"id":105,"href":"https:\/\/www.cambioenaccion.es\/index.php\/wp-json\/wp\/v2\/pages\/81\/revisions\/105"}],"wp:attachment":[{"href":"https:\/\/www.cambioenaccion.es\/index.php\/wp-json\/wp\/v2\/media?parent=81"}],"curies":[{"name":"wp","href":"https:\/\/api.w.org\/{rel}","templated":true}]}}