{"id":80,"date":"2023-03-31T17:17:34","date_gmt":"2023-03-31T17:17:34","guid":{"rendered":"https:\/\/www.cambioenaccion.es\/?page_id=80"},"modified":"2023-04-03T00:24:17","modified_gmt":"2023-04-03T00:24:17","slug":"diversidad-funcional","status":"publish","type":"page","link":"https:\/\/www.cambioenaccion.es\/index.php\/diversidad-funcional\/","title":{"rendered":"Diversidad funcional"},"content":{"rendered":"\n<p>-Adaptar los espacios municipales y parques para el acceso de personas con diversidad. Al igual que parques inclusivos.<\/p>\n\n\n\n<p>-Poner en funcionamiento real las plataformas elevadoras de las&nbsp; instalaciones municipales.<\/p>\n\n\n\n<p>-Todas las obras del ayuntamiento cumplir\u00e1n con la debida se\u00f1alizaci\u00f3n para que no representen un problema para persona con baja visi\u00f3n o invidentes.<\/p>\n\n\n\n<p>-Poner en marcha el Proyecto sobre barreras arquitect\u00f3nicas subvencionado por la Diputaci\u00f3n hace unos a\u00f1os.<\/p>\n\n\n\n<p>-Proyectar las aceras con pavimento antideslizante.<\/p>\n\n\n\n<p>-Creaci\u00f3n de un Programa Municipal de Inclusi\u00f3n Laboral para personas con Diversidad &nbsp; Funcional.<\/p>\n","protected":false},"excerpt":{"rendered":"<p>-Adaptar los espacios municipales y parques para el acceso de personas con diversidad. Al igual que parques inclusivos. -Poner en funcionamiento real las plataformas elevadoras de las&nbsp; instalaciones municipales. -Todas las obras del ayuntamiento cumplir\u00e1n con la debida se\u00f1alizaci\u00f3n para &hellip; <a href=\"https:\/\/www.cambioenaccion.es\/index.php\/diversidad-funcional\/\">Sigue leyendo <span class=\"meta-nav\">&rarr;<\/span><\/a><\/p>\n","protected":false},"author":1,"featured_media":0,"parent":0,"menu_order":0,"comment_status":"closed","ping_status":"closed","template":"","meta":{"footnotes":""},"class_list":["post-80","page","type-page","status-publish","hentry"],"_links":{"self":[{"href":"https:\/\/www.cambioenaccion.es\/index.php\/wp-json\/wp\/v2\/pages\/80","targetHints":{"allow":["GET"]}}],"collection":[{"href":"https:\/\/www.cambioenaccion.es\/index.php\/wp-json\/wp\/v2\/pages"}],"about":[{"href":"https:\/\/www.cambioenaccion.es\/index.php\/wp-json\/wp\/v2\/types\/page"}],"author":[{"embeddable":true,"href":"https:\/\/www.cambioenaccion.es\/index.php\/wp-json\/wp\/v2\/users\/1"}],"replies":[{"embeddable":true,"href":"https:\/\/www.cambioenaccion.es\/index.php\/wp-json\/wp\/v2\/comments?post=80"}],"version-history":[{"count":1,"href":"https:\/\/www.cambioenaccion.es\/index.php\/wp-json\/wp\/v2\/pages\/80\/revisions"}],"predecessor-version":[{"id":104,"href":"https:\/\/www.cambioenaccion.es\/index.php\/wp-json\/wp\/v2\/pages\/80\/revisions\/104"}],"wp:attachment":[{"href":"https:\/\/www.cambioenaccion.es\/index.php\/wp-json\/wp\/v2\/media?parent=80"}],"curies":[{"name":"wp","href":"https:\/\/api.w.org\/{rel}","templated":true}]}}