{"id":77,"date":"2023-03-31T17:15:59","date_gmt":"2023-03-31T17:15:59","guid":{"rendered":"https:\/\/www.cambioenaccion.es\/?page_id=77"},"modified":"2023-04-03T00:26:15","modified_gmt":"2023-04-03T00:26:15","slug":"juventud-e-infancia","status":"publish","type":"page","link":"https:\/\/www.cambioenaccion.es\/index.php\/juventud-e-infancia\/","title":{"rendered":"Juventud e infancia"},"content":{"rendered":"\n<p>-Desarrollar un reglamento espec\u00edfico de participaci\u00f3n juvenil y creaci\u00f3n de un Consejo de Juventud como \u00f3rgano de participaci\u00f3n.<\/p>\n\n\n\n<p>-Constituir el Consejo Local de la Infancia como \u00f3rgano consultivo y de&nbsp; &nbsp; &nbsp; participaci\u00f3n de los ni\u00f1os y las ni\u00f1as.<\/p>\n\n\n\n<p>-El Consejo de Juventud realizar\u00e1 encuentros con los distintos responsables del Ayuntamiento como pueden las personas que lleven las concejal\u00edas de Juventud, Cultura, Fiestas, as\u00ed como, la figura de la Alcald\u00eda, donde se pondr\u00e1 sobre la mesa distintas propuestas que quieran llevar a cabo as\u00ed como su viabilidad de llevarlas a cabo con el apoyo de las distintas concejal\u00edas.<\/p>\n\n\n\n<p>-Potenciar el voluntariado juvenil as\u00ed como el asociacionismo entre ellos\/as, con un programa de subvenciones y disponiendo de un banco de recursos para asociaciones y entidades juveniles.<\/p>\n\n\n\n<p>-Reestructuraci\u00f3n de la Casa de la Juventud en cuanto a espacios, entes que las utilizan, actividades reuniones y talleres, donde puedan sacar adelante sus propios proyectos, supervisados por monitores especializados, y disponibilidad en la misma de informaci\u00f3n sobre empleo, acceso a vivienda, estudios y formaci\u00f3n.<\/p>\n\n\n\n<p>-Fomentar la realizaci\u00f3n de deporte al aire libre facilitando las instalaciones deportivas que dispone el Ayuntamiento, de igual manera, se crear\u00edan nuevas estructuras como podr\u00edan ser pistas de skate.<\/p>\n\n\n\n<p>-Poner a disposici\u00f3n de los j\u00f3venes actividades donde tambi\u00e9n puedan participar distintas entidades enmarcadas en jornadas Educativo-Formativas promoviendo un estilo de vida saludable y la autogesti\u00f3n del ocio y el tiempo libre de la poblaci\u00f3n juvenil, realizando actuaciones de informaci\u00f3n y sensibilizaci\u00f3n sobre alg\u00fan tema en concreto y celebraci\u00f3n de d\u00edas mundiales o internacionales (D\u00eda Internacional de la Mujer, D\u00eda Mundial Sin Tabaco, D\u00eda Internacional del Libro). Estas actividades se realizar\u00e1n especialmente en periodo de vacaciones, as\u00ed como durante el fin de semana, fomentando que la juventud disfrute de su tiempo libre en nuestro municipio.<\/p>\n\n\n\n<p>-Oferta formativa para j\u00f3venes con cursos para monitor\/a de comedor, monitores de ocio y tiempo libre, servicio de empleo joven. El objetivo ser\u00eda facilitar el empleo juvenil.<\/p>\n\n\n\n<p>-Actividades de concienciaci\u00f3n y sensibilizaci\u00f3n social para j\u00f3venes.<\/p>\n\n\n\n<p>-Facilitar el acceso a viviendas sociales para j\u00f3venes que desean emanciparse.<\/p>\n\n\n\n<p>-Programa de ocio nocturno a precios populares para los fines de semana.<\/p>\n\n\n\n<p>-Creaci\u00f3n de aulas presenciales de la UNED para que puedas estudiar tu carrera en Callosa, sin necesidad de salir del municipio.<\/p>\n","protected":false},"excerpt":{"rendered":"<p>-Desarrollar un reglamento espec\u00edfico de participaci\u00f3n juvenil y creaci\u00f3n de un Consejo de Juventud como \u00f3rgano de participaci\u00f3n. -Constituir el Consejo Local de la Infancia como \u00f3rgano consultivo y de&nbsp; &nbsp; &nbsp; participaci\u00f3n de los ni\u00f1os y las ni\u00f1as. -El &hellip; <a href=\"https:\/\/www.cambioenaccion.es\/index.php\/juventud-e-infancia\/\">Sigue leyendo <span class=\"meta-nav\">&rarr;<\/span><\/a><\/p>\n","protected":false},"author":1,"featured_media":0,"parent":0,"menu_order":0,"comment_status":"closed","ping_status":"closed","template":"","meta":{"footnotes":""},"class_list":["post-77","page","type-page","status-publish","hentry"],"_links":{"self":[{"href":"https:\/\/www.cambioenaccion.es\/index.php\/wp-json\/wp\/v2\/pages\/77","targetHints":{"allow":["GET"]}}],"collection":[{"href":"https:\/\/www.cambioenaccion.es\/index.php\/wp-json\/wp\/v2\/pages"}],"about":[{"href":"https:\/\/www.cambioenaccion.es\/index.php\/wp-json\/wp\/v2\/types\/page"}],"author":[{"embeddable":true,"href":"https:\/\/www.cambioenaccion.es\/index.php\/wp-json\/wp\/v2\/users\/1"}],"replies":[{"embeddable":true,"href":"https:\/\/www.cambioenaccion.es\/index.php\/wp-json\/wp\/v2\/comments?post=77"}],"version-history":[{"count":1,"href":"https:\/\/www.cambioenaccion.es\/index.php\/wp-json\/wp\/v2\/pages\/77\/revisions"}],"predecessor-version":[{"id":102,"href":"https:\/\/www.cambioenaccion.es\/index.php\/wp-json\/wp\/v2\/pages\/77\/revisions\/102"}],"wp:attachment":[{"href":"https:\/\/www.cambioenaccion.es\/index.php\/wp-json\/wp\/v2\/media?parent=77"}],"curies":[{"name":"wp","href":"https:\/\/api.w.org\/{rel}","templated":true}]}}