{"id":145,"date":"2023-04-02T23:45:29","date_gmt":"2023-04-02T23:45:29","guid":{"rendered":"https:\/\/www.cambioenaccion.es\/?page_id=145"},"modified":"2023-04-04T13:31:27","modified_gmt":"2023-04-04T13:31:27","slug":"candidatura","status":"publish","type":"page","link":"https:\/\/www.cambioenaccion.es\/index.php\/candidatura\/","title":{"rendered":"CANDIDATURA"},"content":{"rendered":"\n<figure class=\"wp-block-table\"><table><tbody><tr><td><strong>CANDIDATURA UNIDOS POR CALLOSA<\/strong><\/td><\/tr><tr><td>\u00c1ngel Garc\u00eda Aguilar<\/td><\/tr><tr><td>Isabel Mart\u00ednez Gamb\u00edn<\/td><\/tr><tr><td>Hugo Alejandro Monz\u00f3n Medero<\/td><\/tr><tr><td>Antonia Cascales Pacheco<\/td><\/tr><tr><td>Valent\u00edn Mart\u00ednez Rubio<\/td><\/tr><tr><td>Sara Gil Follana<\/td><\/tr><tr><td>Virginia Ru\u00edz V\u00e1zquez<\/td><\/tr><tr><td>Jos\u00e9 Joaqu\u00edn Lucas \u00d1iguez<\/td><\/tr><tr><td>Antonio Alfredo Marco Ru\u00edz<\/td><\/tr><tr><td>Mar\u00eda Narejos<\/td><\/tr><tr><td>Juli\u00e1n Huertas Ballester<\/td><\/tr><tr><td>Mar\u00eda Dolores Gamb\u00edn Molina<\/td><\/tr><tr><td>Rub\u00e9n Manresa Mira<\/td><\/tr><tr><td>Lorena Gallardo Manch\u00f3n<\/td><\/tr><tr><td>Antonio Esta\u00f1 Garc\u00eda<\/td><\/tr><tr><td>Chantal Juan Ballester<\/td><\/tr><tr><td>Francisco Calder\u00f3n Espadas<\/td><\/tr><tr><td>Tania Judit Baeza Mart\u00ednez<\/td><\/tr><tr><td>Luis Ortega Castillo<\/td><\/tr><\/tbody><\/table><\/figure>\n","protected":false},"excerpt":{"rendered":"<p>CANDIDATURA UNIDOS POR CALLOSA \u00c1ngel Garc\u00eda Aguilar Isabel Mart\u00ednez Gamb\u00edn Hugo Alejandro Monz\u00f3n Medero Antonia Cascales Pacheco Valent\u00edn Mart\u00ednez Rubio Sara Gil Follana Virginia Ru\u00edz V\u00e1zquez Jos\u00e9 Joaqu\u00edn Lucas \u00d1iguez Antonio Alfredo Marco Ru\u00edz Mar\u00eda Narejos Juli\u00e1n Huertas Ballester Mar\u00eda &hellip; <a href=\"https:\/\/www.cambioenaccion.es\/index.php\/candidatura\/\">Sigue leyendo <span class=\"meta-nav\">&rarr;<\/span><\/a><\/p>\n","protected":false},"author":1,"featured_media":0,"parent":0,"menu_order":0,"comment_status":"closed","ping_status":"closed","template":"","meta":{"footnotes":""},"class_list":["post-145","page","type-page","status-publish","hentry"],"_links":{"self":[{"href":"https:\/\/www.cambioenaccion.es\/index.php\/wp-json\/wp\/v2\/pages\/145","targetHints":{"allow":["GET"]}}],"collection":[{"href":"https:\/\/www.cambioenaccion.es\/index.php\/wp-json\/wp\/v2\/pages"}],"about":[{"href":"https:\/\/www.cambioenaccion.es\/index.php\/wp-json\/wp\/v2\/types\/page"}],"author":[{"embeddable":true,"href":"https:\/\/www.cambioenaccion.es\/index.php\/wp-json\/wp\/v2\/users\/1"}],"replies":[{"embeddable":true,"href":"https:\/\/www.cambioenaccion.es\/index.php\/wp-json\/wp\/v2\/comments?post=145"}],"version-history":[{"count":4,"href":"https:\/\/www.cambioenaccion.es\/index.php\/wp-json\/wp\/v2\/pages\/145\/revisions"}],"predecessor-version":[{"id":181,"href":"https:\/\/www.cambioenaccion.es\/index.php\/wp-json\/wp\/v2\/pages\/145\/revisions\/181"}],"wp:attachment":[{"href":"https:\/\/www.cambioenaccion.es\/index.php\/wp-json\/wp\/v2\/media?parent=145"}],"curies":[{"name":"wp","href":"https:\/\/api.w.org\/{rel}","templated":true}]}}