{"id":142,"date":"2023-04-02T23:44:16","date_gmt":"2023-04-02T23:44:16","guid":{"rendered":"https:\/\/www.cambioenaccion.es\/?page_id=142"},"modified":"2023-04-03T18:47:58","modified_gmt":"2023-04-03T18:47:58","slug":"acuerdo-de-coalicion","status":"publish","type":"page","link":"https:\/\/www.cambioenaccion.es\/","title":{"rendered":"ACUERDO DE COALICI\u00d3N"},"content":{"rendered":"\n<p class=\"has-text-align-center\"><strong>ACUERDO HIST\u00d3RICO EN CALLOSA DE SEGURA<\/strong><\/p>\n\n\n\n<p class=\"has-text-align-center\"><strong>La izquierda progresista de Callosa acuerda ir en<\/strong> <strong>coalici\u00f3n a las pr\u00f3ximas elecciones municipales<\/strong><\/p>\n\n\n\n<p class=\"justificar\">Las formaciones progresistas de izquierdas aprueban en asamblea abierta ir en coalici\u00f3n a las pr\u00f3ximas elecciones municipales de Callosa de Segura. De forma un\u00e1nime, los vecinos y vecinas asistentes dan el visto bueno al acuerdo firmado por Izquierda Unidad y Podemos, con la novedosa adhesi\u00f3n al acuerdo de personas independientes, ampliando as\u00ed la participaci\u00f3n ciudadana en un acuerdo hist\u00f3rico en el municipio.<\/p>\n\n\n\n<p class=\"justificar\">Este acuerdo nace bajo el paradigma de que es necesario trabajar conjuntamente, afrontando los retos de futuro que se avecinan. La adhesi\u00f3n a este proyecto de personas independientes supone un refuerzo en la convicci\u00f3n de que es necesario el cambio en la pol\u00edtica municipal y de que se est\u00e1 en condiciones y capacidad de poder gestionarlo.<\/p>\n\n\n\n<p class=\"justificar\">El acuerdo de coalici\u00f3n electoral se llev\u00f3 a cabo el s\u00e1bado 18 de Marzo, firmado por las fuerzas pol\u00edticas con personalidad jur\u00eddica presentes en la asamblea: Antonio Bern\u00e1 Cascales, concejal y portavoz municipal de Esquerra Unida, y Alejandro Monz\u00f3n Medero, portavoz municipal de Podemos.<\/p>\n\n\n\n<p class=\"justificar\">Acuerdo de coalici\u00f3n electoral en la ciudad de callosa de segura entre Izquierda Unida, Podemos e Independientes.<\/p>\n","protected":false},"excerpt":{"rendered":"<p>ACUERDO HIST\u00d3RICO EN CALLOSA DE SEGURA La izquierda progresista de Callosa acuerda ir en coalici\u00f3n a las pr\u00f3ximas elecciones municipales Las formaciones progresistas de izquierdas aprueban en asamblea abierta ir en coalici\u00f3n a las pr\u00f3ximas elecciones municipales de Callosa de &hellip; <a href=\"https:\/\/www.cambioenaccion.es\/\">Sigue leyendo <span class=\"meta-nav\">&rarr;<\/span><\/a><\/p>\n","protected":false},"author":1,"featured_media":0,"parent":0,"menu_order":0,"comment_status":"closed","ping_status":"closed","template":"","meta":{"footnotes":""},"class_list":["post-142","page","type-page","status-publish","hentry"],"_links":{"self":[{"href":"https:\/\/www.cambioenaccion.es\/index.php\/wp-json\/wp\/v2\/pages\/142","targetHints":{"allow":["GET"]}}],"collection":[{"href":"https:\/\/www.cambioenaccion.es\/index.php\/wp-json\/wp\/v2\/pages"}],"about":[{"href":"https:\/\/www.cambioenaccion.es\/index.php\/wp-json\/wp\/v2\/types\/page"}],"author":[{"embeddable":true,"href":"https:\/\/www.cambioenaccion.es\/index.php\/wp-json\/wp\/v2\/users\/1"}],"replies":[{"embeddable":true,"href":"https:\/\/www.cambioenaccion.es\/index.php\/wp-json\/wp\/v2\/comments?post=142"}],"version-history":[{"count":8,"href":"https:\/\/www.cambioenaccion.es\/index.php\/wp-json\/wp\/v2\/pages\/142\/revisions"}],"predecessor-version":[{"id":173,"href":"https:\/\/www.cambioenaccion.es\/index.php\/wp-json\/wp\/v2\/pages\/142\/revisions\/173"}],"wp:attachment":[{"href":"https:\/\/www.cambioenaccion.es\/index.php\/wp-json\/wp\/v2\/media?parent=142"}],"curies":[{"name":"wp","href":"https:\/\/api.w.org\/{rel}","templated":true}]}}