{"id":112,"date":"2023-03-31T17:26:15","date_gmt":"2023-03-31T17:26:15","guid":{"rendered":"https:\/\/www.cambioenaccion.es\/?page_id=112"},"modified":"2023-04-03T00:23:14","modified_gmt":"2023-04-03T00:23:14","slug":"ciudad-solidaria","status":"publish","type":"page","link":"https:\/\/www.cambioenaccion.es\/index.php\/ciudad-solidaria\/","title":{"rendered":"Ciudad solidaria"},"content":{"rendered":"\n<p>Nuestra prioridad es dise\u00f1ar y ejecutar pol\u00edticas p\u00fablicas de acci\u00f3n social con el objetivo de crecer en la sociedad del bienestar, liderar pol\u00edticas de inclusi\u00f3n social y poder garantizar la igualdad de oportunidades para todas las personas.<\/p>\n","protected":false},"excerpt":{"rendered":"<p>Nuestra prioridad es dise\u00f1ar y ejecutar pol\u00edticas p\u00fablicas de acci\u00f3n social con el objetivo de crecer en la sociedad del bienestar, liderar pol\u00edticas de inclusi\u00f3n social y poder garantizar la igualdad de oportunidades para todas las personas.<\/p>\n","protected":false},"author":1,"featured_media":0,"parent":0,"menu_order":0,"comment_status":"closed","ping_status":"closed","template":"","meta":{"footnotes":""},"class_list":["post-112","page","type-page","status-publish","hentry"],"_links":{"self":[{"href":"https:\/\/www.cambioenaccion.es\/index.php\/wp-json\/wp\/v2\/pages\/112","targetHints":{"allow":["GET"]}}],"collection":[{"href":"https:\/\/www.cambioenaccion.es\/index.php\/wp-json\/wp\/v2\/pages"}],"about":[{"href":"https:\/\/www.cambioenaccion.es\/index.php\/wp-json\/wp\/v2\/types\/page"}],"author":[{"embeddable":true,"href":"https:\/\/www.cambioenaccion.es\/index.php\/wp-json\/wp\/v2\/users\/1"}],"replies":[{"embeddable":true,"href":"https:\/\/www.cambioenaccion.es\/index.php\/wp-json\/wp\/v2\/comments?post=112"}],"version-history":[{"count":1,"href":"https:\/\/www.cambioenaccion.es\/index.php\/wp-json\/wp\/v2\/pages\/112\/revisions"}],"predecessor-version":[{"id":114,"href":"https:\/\/www.cambioenaccion.es\/index.php\/wp-json\/wp\/v2\/pages\/112\/revisions\/114"}],"wp:attachment":[{"href":"https:\/\/www.cambioenaccion.es\/index.php\/wp-json\/wp\/v2\/media?parent=112"}],"curies":[{"name":"wp","href":"https:\/\/api.w.org\/{rel}","templated":true}]}}